{"id":544,"date":"2023-06-26T23:48:56","date_gmt":"2023-06-27T02:48:56","guid":{"rendered":"https:\/\/saolucas.net\/site\/?page_id=544"},"modified":"2025-06-02T23:28:57","modified_gmt":"2025-06-03T02:28:57","slug":"matriz-reta","status":"publish","type":"page","link":"https:\/\/saolucas.net\/site\/matriz-reta\/","title":{"rendered":"MATRIZ"},"content":{"rendered":"\n<p class=\"has-medium-font-size\">Endere\u00e7o:<br><strong>Rua Tte Luiz Meireles, 170<\/strong><br>(em frente ao Pedr\u00e3o)<\/p>\n\n\n\n<p class=\"has-medium-font-size\">Telefone:<br><strong>Tel.: (21) 2742-5684<\/strong><\/p>\n\n\n\n<p class=\"has-medium-font-size\"><strong>Localiza\u00e7\u00e3o:<\/strong><\/p>\n\n\n\n<iframe data-src=\"https:\/\/www.google.com\/maps\/embed?pb=!1m18!1m12!1m3!1d4461.532713815741!2d-42.97155719999999!3d-22.4166605!2m3!1f0!2f0!3f0!3m2!1i1024!2i768!4f13.1!3m3!1m2!1s0x984cd21219d5cb%3A0xaa0083b3bfc49262!2sR.%20Ten.%20Luiz%20Meirelles%2C%20170%20-%20V%C3%A1rzea%2C%20Teres%C3%B3polis%20-%20RJ%2C%2025955-001!5e1!3m2!1spt-BR!2sbr!4v1729520197014!5m2!1spt-BR!2sbr\" width=\"100%\" height=\"450\" style=\"border:0;\" allowfullscreen=\"\" referrerpolicy=\"no-referrer-when-downgrade\" src=\"data:image\/svg+xml;base64,PHN2ZyB3aWR0aD0iMSIgaGVpZ2h0PSIxIiB4bWxucz0iaHR0cDovL3d3dy53My5vcmcvMjAwMC9zdmciPjwvc3ZnPg==\" class=\"lazyload\" data-load-mode=\"1\"><\/iframe>\n\n\n\n<hr class=\"wp-block-separator has-alpha-channel-opacity is-style-dots\"\/>\n\n\n\n<figure class=\"wp-block-gallery has-nested-images columns-4 is-cropped wp-block-gallery-1 is-layout-flex wp-block-gallery-is-layout-flex\">\n<figure class=\"wp-block-image size-large\"><a href=\"https:\/\/saolucas.net\/site\/wp-content\/uploads\/2024\/10\/IMG-20241031-WA0006.jpg\"><img decoding=\"async\" width=\"768\" height=\"1024\" data-id=\"652\" data-src=\"https:\/\/saolucas.net\/site\/wp-content\/uploads\/2024\/10\/IMG-20241031-WA0006-768x1024.jpg\" alt=\"\" class=\"wp-image-652 lazyload\" data-srcset=\"https:\/\/saolucas.net\/site\/wp-content\/uploads\/2024\/10\/IMG-20241031-WA0006-768x1024.jpg 768w, https:\/\/saolucas.net\/site\/wp-content\/uploads\/2024\/10\/IMG-20241031-WA0006-480x640.jpg 480w\" data-sizes=\"(min-width: 0px) and (max-width: 480px) 480px, (min-width: 481px) 768px, 100vw\" src=\"data:image\/svg+xml;base64,PHN2ZyB3aWR0aD0iMSIgaGVpZ2h0PSIxIiB4bWxucz0iaHR0cDovL3d3dy53My5vcmcvMjAwMC9zdmciPjwvc3ZnPg==\" style=\"--smush-placeholder-width: 768px; --smush-placeholder-aspect-ratio: 768\/1024;\" \/><\/a><\/figure>\n\n\n\n<figure class=\"wp-block-image size-large\"><a href=\"https:\/\/saolucas.net\/site\/wp-content\/uploads\/2024\/10\/IMG-20241031-WA0003.jpg\"><img decoding=\"async\" width=\"768\" height=\"1024\" data-id=\"654\" data-src=\"https:\/\/saolucas.net\/site\/wp-content\/uploads\/2024\/10\/IMG-20241031-WA0003-768x1024.jpg\" alt=\"\" class=\"wp-image-654 lazyload\" data-srcset=\"https:\/\/saolucas.net\/site\/wp-content\/uploads\/2024\/10\/IMG-20241031-WA0003-768x1024.jpg 768w, https:\/\/saolucas.net\/site\/wp-content\/uploads\/2024\/10\/IMG-20241031-WA0003-480x640.jpg 480w\" data-sizes=\"(min-width: 0px) and (max-width: 480px) 480px, (min-width: 481px) 768px, 100vw\" src=\"data:image\/svg+xml;base64,PHN2ZyB3aWR0aD0iMSIgaGVpZ2h0PSIxIiB4bWxucz0iaHR0cDovL3d3dy53My5vcmcvMjAwMC9zdmciPjwvc3ZnPg==\" style=\"--smush-placeholder-width: 768px; --smush-placeholder-aspect-ratio: 768\/1024;\" \/><\/a><\/figure>\n\n\n\n<figure class=\"wp-block-image size-large\"><a href=\"https:\/\/saolucas.net\/site\/wp-content\/uploads\/2024\/10\/IMG-20241031-WA0009.jpg\"><img decoding=\"async\" width=\"768\" height=\"1024\" data-id=\"655\" data-src=\"https:\/\/saolucas.net\/site\/wp-content\/uploads\/2024\/10\/IMG-20241031-WA0009-768x1024.jpg\" alt=\"\" class=\"wp-image-655 lazyload\" data-srcset=\"https:\/\/saolucas.net\/site\/wp-content\/uploads\/2024\/10\/IMG-20241031-WA0009-768x1024.jpg 768w, https:\/\/saolucas.net\/site\/wp-content\/uploads\/2024\/10\/IMG-20241031-WA0009-480x640.jpg 480w\" data-sizes=\"(min-width: 0px) and (max-width: 480px) 480px, (min-width: 481px) 768px, 100vw\" src=\"data:image\/svg+xml;base64,PHN2ZyB3aWR0aD0iMSIgaGVpZ2h0PSIxIiB4bWxucz0iaHR0cDovL3d3dy53My5vcmcvMjAwMC9zdmciPjwvc3ZnPg==\" style=\"--smush-placeholder-width: 768px; --smush-placeholder-aspect-ratio: 768\/1024;\" \/><\/a><\/figure>\n\n\n\n<figure class=\"wp-block-image size-large\"><a href=\"https:\/\/saolucas.net\/site\/wp-content\/uploads\/2024\/10\/IMG-20241031-WA0004.jpg\"><img decoding=\"async\" width=\"768\" height=\"1024\" data-id=\"656\" data-src=\"https:\/\/saolucas.net\/site\/wp-content\/uploads\/2024\/10\/IMG-20241031-WA0004-768x1024.jpg\" alt=\"\" class=\"wp-image-656 lazyload\" data-srcset=\"https:\/\/saolucas.net\/site\/wp-content\/uploads\/2024\/10\/IMG-20241031-WA0004-768x1024.jpg 768w, https:\/\/saolucas.net\/site\/wp-content\/uploads\/2024\/10\/IMG-20241031-WA0004-480x640.jpg 480w\" data-sizes=\"(min-width: 0px) and (max-width: 480px) 480px, (min-width: 481px) 768px, 100vw\" src=\"data:image\/svg+xml;base64,PHN2ZyB3aWR0aD0iMSIgaGVpZ2h0PSIxIiB4bWxucz0iaHR0cDovL3d3dy53My5vcmcvMjAwMC9zdmciPjwvc3ZnPg==\" style=\"--smush-placeholder-width: 768px; --smush-placeholder-aspect-ratio: 768\/1024;\" \/><\/a><\/figure>\n\n\n\n<figure class=\"wp-block-image size-large\"><a href=\"https:\/\/saolucas.net\/site\/wp-content\/uploads\/2024\/10\/IMG-20241031-WA0011.jpg\"><img decoding=\"async\" width=\"768\" height=\"1024\" data-id=\"658\" data-src=\"https:\/\/saolucas.net\/site\/wp-content\/uploads\/2024\/10\/IMG-20241031-WA0011-768x1024.jpg\" alt=\"\" class=\"wp-image-658 lazyload\" data-srcset=\"https:\/\/saolucas.net\/site\/wp-content\/uploads\/2024\/10\/IMG-20241031-WA0011-768x1024.jpg 768w, https:\/\/saolucas.net\/site\/wp-content\/uploads\/2024\/10\/IMG-20241031-WA0011-480x640.jpg 480w\" data-sizes=\"(min-width: 0px) and (max-width: 480px) 480px, (min-width: 481px) 768px, 100vw\" src=\"data:image\/svg+xml;base64,PHN2ZyB3aWR0aD0iMSIgaGVpZ2h0PSIxIiB4bWxucz0iaHR0cDovL3d3dy53My5vcmcvMjAwMC9zdmciPjwvc3ZnPg==\" style=\"--smush-placeholder-width: 768px; --smush-placeholder-aspect-ratio: 768\/1024;\" \/><\/a><\/figure>\n\n\n\n<figure class=\"wp-block-image size-large\"><a href=\"https:\/\/saolucas.net\/site\/wp-content\/uploads\/2024\/10\/IMG-20241031-WA0008.jpg\"><img decoding=\"async\" width=\"768\" height=\"1024\" data-id=\"659\" data-src=\"https:\/\/saolucas.net\/site\/wp-content\/uploads\/2024\/10\/IMG-20241031-WA0008-768x1024.jpg\" alt=\"\" class=\"wp-image-659 lazyload\" data-srcset=\"https:\/\/saolucas.net\/site\/wp-content\/uploads\/2024\/10\/IMG-20241031-WA0008-768x1024.jpg 768w, https:\/\/saolucas.net\/site\/wp-content\/uploads\/2024\/10\/IMG-20241031-WA0008-480x640.jpg 480w\" data-sizes=\"(min-width: 0px) and (max-width: 480px) 480px, (min-width: 481px) 768px, 100vw\" src=\"data:image\/svg+xml;base64,PHN2ZyB3aWR0aD0iMSIgaGVpZ2h0PSIxIiB4bWxucz0iaHR0cDovL3d3dy53My5vcmcvMjAwMC9zdmciPjwvc3ZnPg==\" style=\"--smush-placeholder-width: 768px; --smush-placeholder-aspect-ratio: 768\/1024;\" \/><\/a><\/figure>\n\n\n\n<figure class=\"wp-block-image size-large\"><a href=\"https:\/\/saolucas.net\/site\/wp-content\/uploads\/2024\/10\/IMG-20241031-WA0010.jpg\"><img decoding=\"async\" width=\"768\" height=\"1024\" data-id=\"660\" data-src=\"https:\/\/saolucas.net\/site\/wp-content\/uploads\/2024\/10\/IMG-20241031-WA0010-768x1024.jpg\" alt=\"\" class=\"wp-image-660 lazyload\" data-srcset=\"https:\/\/saolucas.net\/site\/wp-content\/uploads\/2024\/10\/IMG-20241031-WA0010-768x1024.jpg 768w, https:\/\/saolucas.net\/site\/wp-content\/uploads\/2024\/10\/IMG-20241031-WA0010-480x640.jpg 480w\" data-sizes=\"(min-width: 0px) and (max-width: 480px) 480px, (min-width: 481px) 768px, 100vw\" src=\"data:image\/svg+xml;base64,PHN2ZyB3aWR0aD0iMSIgaGVpZ2h0PSIxIiB4bWxucz0iaHR0cDovL3d3dy53My5vcmcvMjAwMC9zdmciPjwvc3ZnPg==\" style=\"--smush-placeholder-width: 768px; --smush-placeholder-aspect-ratio: 768\/1024;\" \/><\/a><\/figure>\n\n\n\n<figure class=\"wp-block-image size-large\"><a href=\"https:\/\/saolucas.net\/site\/wp-content\/uploads\/2025\/06\/Imagem-do-WhatsApp-de-2025-06-02-as-14.15.32_d72c7738.jpg\"><img decoding=\"async\" width=\"768\" height=\"1024\" data-id=\"725\" data-src=\"https:\/\/saolucas.net\/site\/wp-content\/uploads\/2025\/06\/Imagem-do-WhatsApp-de-2025-06-02-as-14.15.32_d72c7738-768x1024.jpg\" alt=\"\" class=\"wp-image-725 lazyload\" data-srcset=\"https:\/\/saolucas.net\/site\/wp-content\/uploads\/2025\/06\/Imagem-do-WhatsApp-de-2025-06-02-as-14.15.32_d72c7738-768x1024.jpg 768w, https:\/\/saolucas.net\/site\/wp-content\/uploads\/2025\/06\/Imagem-do-WhatsApp-de-2025-06-02-as-14.15.32_d72c7738-480x640.jpg 480w\" data-sizes=\"(min-width: 0px) and (max-width: 480px) 480px, (min-width: 481px) 768px, 100vw\" src=\"data:image\/svg+xml;base64,PHN2ZyB3aWR0aD0iMSIgaGVpZ2h0PSIxIiB4bWxucz0iaHR0cDovL3d3dy53My5vcmcvMjAwMC9zdmciPjwvc3ZnPg==\" style=\"--smush-placeholder-width: 768px; --smush-placeholder-aspect-ratio: 768\/1024;\" \/><\/a><\/figure>\n<\/figure>\n\n\n\n<hr class=\"wp-block-separator has-alpha-channel-opacity is-style-dots\"\/>\n","protected":false},"excerpt":{"rendered":"<p>Endere\u00e7o:Rua Tte Luiz Meireles, 170(em frente ao Pedr\u00e3o) Telefone:Tel.: (21) 2742-5684 Localiza\u00e7\u00e3o:<\/p>\n","protected":false},"author":1,"featured_media":0,"parent":0,"menu_order":0,"comment_status":"closed","ping_status":"closed","template":"","meta":{"_et_pb_use_builder":"off","_et_pb_old_content":"","_et_gb_content_width":"1080","footnotes":""},"class_list":["post-544","page","type-page","status-publish","hentry"],"_links":{"self":[{"href":"https:\/\/saolucas.net\/site\/wp-json\/wp\/v2\/pages\/544","targetHints":{"allow":["GET"]}}],"collection":[{"href":"https:\/\/saolucas.net\/site\/wp-json\/wp\/v2\/pages"}],"about":[{"href":"https:\/\/saolucas.net\/site\/wp-json\/wp\/v2\/types\/page"}],"author":[{"embeddable":true,"href":"https:\/\/saolucas.net\/site\/wp-json\/wp\/v2\/users\/1"}],"replies":[{"embeddable":true,"href":"https:\/\/saolucas.net\/site\/wp-json\/wp\/v2\/comments?post=544"}],"version-history":[{"count":8,"href":"https:\/\/saolucas.net\/site\/wp-json\/wp\/v2\/pages\/544\/revisions"}],"predecessor-version":[{"id":726,"href":"https:\/\/saolucas.net\/site\/wp-json\/wp\/v2\/pages\/544\/revisions\/726"}],"wp:attachment":[{"href":"https:\/\/saolucas.net\/site\/wp-json\/wp\/v2\/media?parent=544"}],"curies":[{"name":"wp","href":"https:\/\/api.w.org\/{rel}","templated":true}]}}