{"id":518,"date":"2023-04-12T17:08:22","date_gmt":"2023-04-12T20:08:22","guid":{"rendered":"https:\/\/saolucas.net\/site\/?page_id=518"},"modified":"2025-06-11T23:29:49","modified_gmt":"2025-06-12T02:29:49","slug":"shopping-varzea","status":"publish","type":"page","link":"https:\/\/saolucas.net\/site\/shopping-varzea\/","title":{"rendered":"SHOPPING V\u00c1RZEA"},"content":{"rendered":"\n<p class=\"has-medium-font-size\">Endere\u00e7o:<br><strong>Av. L\u00facio Meira, 670, sl 9 \u2013 V\u00e1rzea<\/strong><\/p>\n\n\n\n<p class=\"has-medium-font-size\">Telefone:<br><strong>Tel.: (21) 2643-4170<\/strong><\/p>\n\n\n\n<p class=\"has-medium-font-size\"><strong>Localiza\u00e7\u00e3o:<\/strong><\/p>\n\n\n\n<iframe data-src=\"https:\/\/www.google.com\/maps\/embed?pb=!1m14!1m8!1m3!1d14754.098238395736!2d-42.966401!3d-22.409274!3m2!1i1024!2i768!4f13.1!3m3!1m2!1s0x984cc5bb46795f%3A0x7c8b3547486c4217!2sLaborat%C3%B3rio%20S%C3%A3o%20Lucas!5e0!3m2!1spt-BR!2sbr!4v1681329864716!5m2!1spt-BR!2sbr\" width=\"100%\" height=\"450\" style=\"border:0;\" allowfullscreen=\"\" referrerpolicy=\"no-referrer-when-downgrade\" src=\"data:image\/svg+xml;base64,PHN2ZyB3aWR0aD0iMSIgaGVpZ2h0PSIxIiB4bWxucz0iaHR0cDovL3d3dy53My5vcmcvMjAwMC9zdmciPjwvc3ZnPg==\" class=\"lazyload\" data-load-mode=\"1\"><\/iframe>\n\n\n\n<hr class=\"wp-block-separator has-alpha-channel-opacity is-style-dots\"\/>\n\n\n\n<p class=\"has-text-color has-medium-font-size\" style=\"color:#1e2530\"><strong>Fotos da Unidade<\/strong><\/p>\n\n\n\n<figure class=\"wp-block-gallery has-nested-images columns-4 is-cropped wp-block-gallery-1 is-layout-flex wp-block-gallery-is-layout-flex\">\n<figure class=\"wp-block-image size-medium\"><a href=\"https:\/\/saolucas.net\/site\/wp-content\/uploads\/2023\/04\/2.jpeg\"><img decoding=\"async\" width=\"225\" height=\"300\" data-id=\"520\" data-src=\"https:\/\/saolucas.net\/site\/wp-content\/uploads\/2023\/04\/2-225x300.jpeg\" alt=\"\" class=\"wp-image-520 lazyload\" src=\"data:image\/svg+xml;base64,PHN2ZyB3aWR0aD0iMSIgaGVpZ2h0PSIxIiB4bWxucz0iaHR0cDovL3d3dy53My5vcmcvMjAwMC9zdmciPjwvc3ZnPg==\" style=\"--smush-placeholder-width: 225px; --smush-placeholder-aspect-ratio: 225\/300;\" \/><\/a><\/figure>\n\n\n\n<figure class=\"wp-block-image size-medium\"><a href=\"https:\/\/saolucas.net\/site\/wp-content\/uploads\/2023\/04\/3.jpeg\"><img decoding=\"async\" width=\"225\" height=\"300\" data-id=\"521\" data-src=\"https:\/\/saolucas.net\/site\/wp-content\/uploads\/2023\/04\/3-225x300.jpeg\" alt=\"\" class=\"wp-image-521 lazyload\" src=\"data:image\/svg+xml;base64,PHN2ZyB3aWR0aD0iMSIgaGVpZ2h0PSIxIiB4bWxucz0iaHR0cDovL3d3dy53My5vcmcvMjAwMC9zdmciPjwvc3ZnPg==\" style=\"--smush-placeholder-width: 225px; --smush-placeholder-aspect-ratio: 225\/300;\" \/><\/a><\/figure>\n\n\n\n<figure class=\"wp-block-image size-medium\"><a href=\"https:\/\/saolucas.net\/site\/wp-content\/uploads\/2023\/04\/4.jpeg\"><img decoding=\"async\" width=\"225\" height=\"300\" data-id=\"519\" data-src=\"https:\/\/saolucas.net\/site\/wp-content\/uploads\/2023\/04\/4-225x300.jpeg\" alt=\"\" class=\"wp-image-519 lazyload\" src=\"data:image\/svg+xml;base64,PHN2ZyB3aWR0aD0iMSIgaGVpZ2h0PSIxIiB4bWxucz0iaHR0cDovL3d3dy53My5vcmcvMjAwMC9zdmciPjwvc3ZnPg==\" style=\"--smush-placeholder-width: 225px; --smush-placeholder-aspect-ratio: 225\/300;\" \/><\/a><\/figure>\n\n\n\n<figure class=\"wp-block-image size-medium\"><a href=\"https:\/\/saolucas.net\/site\/wp-content\/uploads\/2023\/04\/5.jpeg\"><img decoding=\"async\" width=\"225\" height=\"300\" data-id=\"522\" data-src=\"https:\/\/saolucas.net\/site\/wp-content\/uploads\/2023\/04\/5-225x300.jpeg\" alt=\"\" class=\"wp-image-522 lazyload\" src=\"data:image\/svg+xml;base64,PHN2ZyB3aWR0aD0iMSIgaGVpZ2h0PSIxIiB4bWxucz0iaHR0cDovL3d3dy53My5vcmcvMjAwMC9zdmciPjwvc3ZnPg==\" style=\"--smush-placeholder-width: 225px; --smush-placeholder-aspect-ratio: 225\/300;\" \/><\/a><\/figure>\n\n\n\n<figure class=\"wp-block-image size-medium\"><a href=\"https:\/\/saolucas.net\/site\/wp-content\/uploads\/2023\/04\/9.jpeg\"><img decoding=\"async\" width=\"300\" height=\"225\" data-id=\"523\" data-src=\"https:\/\/saolucas.net\/site\/wp-content\/uploads\/2023\/04\/9-300x225.jpeg\" alt=\"\" class=\"wp-image-523 lazyload\" src=\"data:image\/svg+xml;base64,PHN2ZyB3aWR0aD0iMSIgaGVpZ2h0PSIxIiB4bWxucz0iaHR0cDovL3d3dy53My5vcmcvMjAwMC9zdmciPjwvc3ZnPg==\" style=\"--smush-placeholder-width: 300px; --smush-placeholder-aspect-ratio: 300\/225;\" \/><\/a><\/figure>\n\n\n\n<figure class=\"wp-block-image size-medium\"><a href=\"https:\/\/saolucas.net\/site\/wp-content\/uploads\/2025\/06\/IMG-20250609-WA0003.jpg\"><img decoding=\"async\" width=\"225\" height=\"300\" data-id=\"729\" data-src=\"https:\/\/saolucas.net\/site\/wp-content\/uploads\/2025\/06\/IMG-20250609-WA0003-225x300.jpg\" alt=\"\" class=\"wp-image-729 lazyload\" src=\"data:image\/svg+xml;base64,PHN2ZyB3aWR0aD0iMSIgaGVpZ2h0PSIxIiB4bWxucz0iaHR0cDovL3d3dy53My5vcmcvMjAwMC9zdmciPjwvc3ZnPg==\" style=\"--smush-placeholder-width: 225px; --smush-placeholder-aspect-ratio: 225\/300;\" \/><\/a><\/figure>\n\n\n\n<figure class=\"wp-block-image size-medium\"><a href=\"https:\/\/saolucas.net\/site\/wp-content\/uploads\/2025\/06\/IMG-20250609-WA0004.jpg\"><img decoding=\"async\" width=\"225\" height=\"300\" data-id=\"730\" data-src=\"https:\/\/saolucas.net\/site\/wp-content\/uploads\/2025\/06\/IMG-20250609-WA0004-225x300.jpg\" alt=\"\" class=\"wp-image-730 lazyload\" src=\"data:image\/svg+xml;base64,PHN2ZyB3aWR0aD0iMSIgaGVpZ2h0PSIxIiB4bWxucz0iaHR0cDovL3d3dy53My5vcmcvMjAwMC9zdmciPjwvc3ZnPg==\" style=\"--smush-placeholder-width: 225px; --smush-placeholder-aspect-ratio: 225\/300;\" \/><\/a><\/figure>\n\n\n\n<figure class=\"wp-block-image size-medium\"><a href=\"https:\/\/saolucas.net\/site\/wp-content\/uploads\/2025\/06\/IMG-20250609-WA0002.jpg\"><img decoding=\"async\" width=\"225\" height=\"300\" data-id=\"732\" data-src=\"https:\/\/saolucas.net\/site\/wp-content\/uploads\/2025\/06\/IMG-20250609-WA0002-225x300.jpg\" alt=\"\" class=\"wp-image-732 lazyload\" src=\"data:image\/svg+xml;base64,PHN2ZyB3aWR0aD0iMSIgaGVpZ2h0PSIxIiB4bWxucz0iaHR0cDovL3d3dy53My5vcmcvMjAwMC9zdmciPjwvc3ZnPg==\" style=\"--smush-placeholder-width: 225px; --smush-placeholder-aspect-ratio: 225\/300;\" \/><\/a><\/figure>\n<\/figure>\n\n\n\n<hr class=\"wp-block-separator has-alpha-channel-opacity is-style-dots\"\/>\n","protected":false},"excerpt":{"rendered":"<p>Endere\u00e7o:Av. L\u00facio Meira, 670, sl 9 \u2013 V\u00e1rzea Telefone:Tel.: (21) 2643-4170 Localiza\u00e7\u00e3o: Fotos da Unidade<\/p>\n","protected":false},"author":1,"featured_media":0,"parent":0,"menu_order":0,"comment_status":"closed","ping_status":"closed","template":"","meta":{"_et_pb_use_builder":"","_et_pb_old_content":"","_et_gb_content_width":"1080","footnotes":""},"class_list":["post-518","page","type-page","status-publish","hentry"],"_links":{"self":[{"href":"https:\/\/saolucas.net\/site\/wp-json\/wp\/v2\/pages\/518","targetHints":{"allow":["GET"]}}],"collection":[{"href":"https:\/\/saolucas.net\/site\/wp-json\/wp\/v2\/pages"}],"about":[{"href":"https:\/\/saolucas.net\/site\/wp-json\/wp\/v2\/types\/page"}],"author":[{"embeddable":true,"href":"https:\/\/saolucas.net\/site\/wp-json\/wp\/v2\/users\/1"}],"replies":[{"embeddable":true,"href":"https:\/\/saolucas.net\/site\/wp-json\/wp\/v2\/comments?post=518"}],"version-history":[{"count":11,"href":"https:\/\/saolucas.net\/site\/wp-json\/wp\/v2\/pages\/518\/revisions"}],"predecessor-version":[{"id":736,"href":"https:\/\/saolucas.net\/site\/wp-json\/wp\/v2\/pages\/518\/revisions\/736"}],"wp:attachment":[{"href":"https:\/\/saolucas.net\/site\/wp-json\/wp\/v2\/media?parent=518"}],"curies":[{"name":"wp","href":"https:\/\/api.w.org\/{rel}","templated":true}]}}