{"id":331,"date":"2020-02-03T09:29:53","date_gmt":"2020-02-03T12:29:53","guid":{"rendered":"https:\/\/saolucas.net\/site\/?page_id=331"},"modified":"2025-03-19T22:51:56","modified_gmt":"2025-03-20T01:51:56","slug":"resultados","status":"publish","type":"page","link":"https:\/\/saolucas.net\/site\/resultados\/","title":{"rendered":"Resultados de Exame"},"content":{"rendered":"<p>[et_pb_section fb_built=&#8221;1&#8243; admin_label=&#8221;section&#8221; _builder_version=&#8221;4.16&#8243; custom_padding=&#8221;||312px|||&#8221; global_colors_info=&#8221;{}&#8221;][et_pb_row _builder_version=&#8221;4.27.4&#8243; _module_preset=&#8221;default&#8221; min_height=&#8221;53px&#8221; custom_margin=&#8221;|auto|26px|auto||&#8221; custom_padding=&#8221;0px||0px|||&#8221; global_colors_info=&#8221;{}&#8221;][et_pb_column type=&#8221;4_4&#8243; _builder_version=&#8221;4.27.4&#8243; _module_preset=&#8221;default&#8221; global_colors_info=&#8221;{}&#8221;][et_pb_heading title=&#8221;Resultados de Exame&#8221; _builder_version=&#8221;4.27.4&#8243; _module_preset=&#8221;default&#8221; title_level=&#8221;h3&#8243; title_font=&#8221;|700|||||||&#8221; title_text_color=&#8221;#00457A&#8221; custom_margin=&#8221;||4px|||&#8221; global_colors_info=&#8221;{}&#8221;][\/et_pb_heading][et_pb_heading title=&#8221;Verifique a data de realiza\u00e7\u00e3o do seu exame.&#8221; _builder_version=&#8221;4.27.4&#8243; _module_preset=&#8221;default&#8221; title_level=&#8221;h6&#8243; custom_padding=&#8221;||0px|||&#8221; global_colors_info=&#8221;{}&#8221;][\/et_pb_heading][\/et_pb_column][\/et_pb_row][et_pb_row _builder_version=&#8221;4.27.4&#8243; _module_preset=&#8221;default&#8221; min_height=&#8221;73px&#8221; custom_margin=&#8221;|auto|-22px|auto||&#8221; custom_padding=&#8221;0px||0px|||&#8221; global_colors_info=&#8221;{}&#8221;][et_pb_column type=&#8221;4_4&#8243; _builder_version=&#8221;4.27.4&#8243; _module_preset=&#8221;default&#8221; global_colors_info=&#8221;{}&#8221;][et_pb_button button_url=&#8221;https:\/\/saolucas.lisnet.com.br\/laudos\/#&#8221; url_new_window=&#8221;on&#8221; button_text=&#8221;Resultados de Exame&#8221; button_alignment=&#8221;center&#8221; _builder_version=&#8221;4.27.4&#8243; _module_preset=&#8221;default&#8221; custom_button=&#8221;on&#8221; button_text_color=&#8221;#FFFFFF&#8221; button_bg_color=&#8221;#ed1164&#8243; button_border_width=&#8221;3px&#8221; button_border_color=&#8221;#FFFFFF&#8221; button_border_radius=&#8221;12px&#8221; button_font=&#8221;|600|||||||&#8221; custom_margin=&#8221;0px|0px|0px|0px|false|false&#8221; custom_padding=&#8221;20px|20px|20px|20px|false|false&#8221; animation_style=&#8221;fade&#8221; custom_css_free_form=&#8221;selector {||  border-radius:8px;||  width:100%;||}&#8221; global_colors_info=&#8221;{}&#8221;][\/et_pb_button][\/et_pb_column][\/et_pb_row][et_pb_row _builder_version=&#8221;4.27.4&#8243; _module_preset=&#8221;default&#8221; custom_margin=&#8221;|auto|-2px|auto||&#8221; global_colors_info=&#8221;{}&#8221;][et_pb_column type=&#8221;4_4&#8243; _builder_version=&#8221;4.27.4&#8243; _module_preset=&#8221;default&#8221; global_colors_info=&#8221;{}&#8221;][et_pb_text _builder_version=&#8221;4.27.4&#8243; _module_preset=&#8221;default&#8221; min_height=&#8221;49.8px&#8221; custom_margin=&#8221;||-2px|||&#8221; custom_padding=&#8221;16px||2px|||&#8221; global_colors_info=&#8221;{}&#8221;]<\/p>\n<p style=\"text-align: center;\">Se voc\u00ea realizou seus exames entre os dias 22\/02\/2025 e 12\/03\/2025 <a href=\"https:\/\/saolucasteresopolis.shiftcloud.com.br\/shift\/lis\/saolucasteresopolis\/elis\/s01.iu.web.Login.cls\" target=\"_blank\" rel=\"noreferrer noopener\">clique aqui<\/a>.<\/p>\n<p>[\/et_pb_text][\/et_pb_column][\/et_pb_row][\/et_pb_section]<\/p>\n","protected":false},"excerpt":{"rendered":"<p>Se voc\u00ea realizou seus exames entre os dias 22\/02\/2025 e 12\/03\/2025 clique aqui.<\/p>\n","protected":false},"author":1,"featured_media":0,"parent":0,"menu_order":0,"comment_status":"closed","ping_status":"closed","template":"","meta":{"_et_pb_use_builder":"on","_et_pb_old_content":"<form id=\"contact_form\" class=\"form-group\" action=\"https:\/\/ligaresultnet.com.br\/lib\/control.php\" method=\"post\" target=\"_parent\"><small id=\"emailHelp\" class=\"form-text text-muted\">Digite o c\u00f3digo de usu\u00e1rio e a senha que est\u00e3o no protocolo de atendimento.<\/small>\n<label for=\"exampleInputPassword1\">Login<\/label>\n<input id=\"usuario\" class=\"form-control\" style=\"text-transform: uppercase;\" name=\"usuario\" type=\"text\">\n<label for=\"exampleInputPassword1\">Senha<\/label>\n<input id=\"senha\" class=\"form-control\" name=\"senha\" type=\"password\">\n<input class=\"form-control\" name=\"form\" type=\"hidden\" value=\"formLogin\">\n<input class=\"form-control\" name=\"ChaveAcesso\" type=\"hidden\" value=\"25B7C61A-A61D-4038-8C95-057741603134\">\n<input class=\"form-control\" name=\"URLLaboratorio\" type=\"hidden\" value=\"https:\/\/saolucas.net\/site\/\">\n<input class=\"form-control\" name=\"name_action\" type=\"hidden\" value=\"login\">\n<input id=\"acessar\" class=\"btn btn-primary\" name=\"acessar\" type=\"submit\" value=\"Acessar Resultados\">\n\n<\/form>","_et_gb_content_width":"1080","footnotes":""},"class_list":["post-331","page","type-page","status-publish","hentry"],"_links":{"self":[{"href":"https:\/\/saolucas.net\/site\/wp-json\/wp\/v2\/pages\/331","targetHints":{"allow":["GET"]}}],"collection":[{"href":"https:\/\/saolucas.net\/site\/wp-json\/wp\/v2\/pages"}],"about":[{"href":"https:\/\/saolucas.net\/site\/wp-json\/wp\/v2\/types\/page"}],"author":[{"embeddable":true,"href":"https:\/\/saolucas.net\/site\/wp-json\/wp\/v2\/users\/1"}],"replies":[{"embeddable":true,"href":"https:\/\/saolucas.net\/site\/wp-json\/wp\/v2\/comments?post=331"}],"version-history":[{"count":26,"href":"https:\/\/saolucas.net\/site\/wp-json\/wp\/v2\/pages\/331\/revisions"}],"predecessor-version":[{"id":713,"href":"https:\/\/saolucas.net\/site\/wp-json\/wp\/v2\/pages\/331\/revisions\/713"}],"wp:attachment":[{"href":"https:\/\/saolucas.net\/site\/wp-json\/wp\/v2\/media?parent=331"}],"curies":[{"name":"wp","href":"https:\/\/api.w.org\/{rel}","templated":true}]}}